{"id":44,"date":"2018-11-30T19:54:14","date_gmt":"2018-11-30T18:54:14","guid":{"rendered":"http:\/\/kirche.m-net.de\/?page_id=44"},"modified":"2025-01-27T15:03:52","modified_gmt":"2025-01-27T14:03:52","slug":"gemeinde","status":"publish","type":"page","link":"https:\/\/ev-kirche-bieberstein-dipperz.de\/?page_id=44","title":{"rendered":"Gemeinde"},"content":{"rendered":"<div id=\"cck4995_art_introtext\" class=\"cck_contents cck_intro cck_wysiwyg_editor art_introtext \">\n<div id=\"cck4995_value_art_introtext\" class=\"cck_value cck_value_wysiwyg_editor\">\n<div id=\"sprengel_text_1\" class=\"cck_wysiwyg_editor\">\n<h4><strong>&#8222;Das ist die Gemeinde des lebendigen Gottes, ein Pfeiler und eine Grundfeste der Wahrheit.&#8220;\u00a0 <em>(1. Tim 3, 15b)<\/em><\/strong><\/h4>\n<\/div>\n<\/div>\n<\/div>\n<p>&nbsp;<\/p>\n<p>Unsere zwei Kirchen k\u00f6nnten nicht unterschiedlicher sein. Einmal in der Gemeinde Dipperz befindet sich die <strong>Evangelische Michaelskapelle Dipperz <\/strong>(Fuldaer Str. 43 36160 Dipperz). Ein Gotteshaus, das gerne auch f\u00fcr Konzerte und andere Veranstaltungen genutzt wird.<\/p>\n<p><img fetchpriority=\"high\" decoding=\"async\" class=\"wp-image-534 aligncenter\" src=\"https:\/\/ev-kirche-bieberstein-dipperz.de\/wp-content\/uploads\/2019\/02\/IMG_20190219_104910.jpg\" alt=\"\" width=\"338\" height=\"254\" \/><\/p>\n<script type=\"text\/javascript\">window.wgm_config_1 = {\"hide_markers\":false,\"show_center_icon\":false,\"show_distance\":false,\"sort_by_distance\":false,\"distance_unit\":\"miles\",\"placement\":\"inside_map\",\"enable_show_on_map_icon\":false,\"enable_get_direction_icon\":false,\"enable_direction_link\":false,\"enable_modern_direction\":false,\"enable_category_filter\":false,\"category_selection_logic\":\"OR\"};<\/script>    \r\n        <div class=\"wgm-map-listing-container wgm-placement-below_map wgm-map-id-600\" \r\n         style=\"--wgm-map-height: 300px; --wgm-drawer-width: 300px; \">\r\n        \r\n        <div class=\"wgm-map-area\" style=\"width:100%; margin: 0 auto; max-width: 100%;\">\r\n            <!-- Advanced Search Control -->\r\n            <!-- Directions Drawer -->\r\n<div id=\"wgm_direction_drawer_1\" class=\"wgm-direction-drawer\">\r\n        \r\n    <div class=\"wgm-drawer-content\">\r\n    <button type=\"button\" class=\"wgm-drawer-close\" aria-label=\"Close directions\">\r\n        <svg viewBox=\"0 0 24 24\" width=\"24\" height=\"24\"><path fill=\"currentColor\" d=\"M19 6.41L17.59 5 12 10.59 6.41 5 5 6.41 10.59 12 5 17.59 6.41 19 12 13.41 17.59 19 19 17.59 13.41 12 19 6.41z\"><\/path><\/svg>\r\n    <\/button>\r\n    <div class=\"wgm-drawer-header\">\r\n        <h3 class=\"wgm-drawer-title\">Routen erhalten<\/h3>\r\n    <\/div>\r\n    \r\n    <div class=\"wgm-travel-mode-switcher\">\r\n        <button type=\"button\" class=\"wgm-travel-btn active\" data-mode=\"DRIVING\" title=\"Driving\">\r\n            <svg viewBox=\"0 0 24 24\"><path fill=\"currentColor\" d=\"M18.92 6.01C18.72 5.42 18.16 5 17.5 5h-11c-.66 0-1.21.42-1.42 1.01L3 12v8c0 .55.45 1 1 1h1c.55 0 1-.45 1-1v-1h12v1c0 .55.45 1 1 1h1c.55 0 1-.45 1-1v-8l-2.08-5.99zM6.5 16c-.83 0-1.5-.67-1.5-1.5S5.67 13 6.5 13s1.5.67 1.5 1.5S7.33 16 6.5 16zm11 0c-.83 0-1.5-.67-1.5-1.5s.67-1.5 1.5-1.5 1.5.67 1.5 1.5-.67 1.5-1.5 1.5zM5 11l1.5-4.5h11L19 11H5z\"><\/path><\/svg>\r\n        <\/button>\r\n        <button type=\"button\" class=\"wgm-travel-btn\" data-mode=\"WALKING\" title=\"Walking\">\r\n            <svg viewBox=\"0 0 24 24\"><path fill=\"currentColor\" d=\"M13.5 5.5c1.1 0 2-.9 2-2s-.9-2-2-2-2 .9-2 2 .9 2 2 2zM9.8 8.9L7 23h2.1l1.8-8 2.1 2v6h2v-7.5l-2.1-2 .6-3C14.8 12 16.8 13 19 13v-2c-1.9 0-3.5-1-4.3-2.4l-1-1.6c-.4-.6-1-1-1.7-1-.3 0-.5.1-.8.1L6 8.3V13h2V9.6l1.8-.7\"><\/path><\/svg>\r\n        <\/button>\r\n        <button type=\"button\" class=\"wgm-travel-btn\" data-mode=\"BICYCLING\" title=\"Cycling\">\r\n            <svg viewBox=\"0 0 24 24\"><path fill=\"currentColor\" d=\"M15.5 5.5c1.1 0 2-.9 2-2s-.9-2-2-2-2 .9-2 2 .9 2 2 2zM5 12c-2.8 0-5 2.2-5 5s2.2 5 5 5 5-2.2 5-5-2.2-5-5-5zm0 8.5c-1.9 0-3.5-1.6-3.5-3.5s1.6-3.5 3.5-3.5 3.5 1.6 3.5 3.5-1.6 3.5-3.5 3.5zm19-3.5c0-2.8-2.2-5-5-5s-5 2.2-5 5 2.2 5 5 5 5-2.2 5-5zm-5 3.5c-1.9 0-3.5-1.6-3.5-3.5s1.6-3.5 3.5-3.5 3.5 1.6 3.5 3.5-1.6 3.5-3.5 3.5zm-6.1-5.4l2.7-2.7-1.2-1.2-.2-.2C13.5 8.3 12.3 8 11 8V6h-2v2H7L3.5 11l1.4 1.4L7 10.3V15h2v-4.7l2.1 2.1c.3.3.7.6 1.1.6h2.8l-1.6-1.6h-2.1z\"><\/path><\/svg>\r\n        <\/button>\r\n        <button type=\"button\" class=\"wgm-travel-btn\" data-mode=\"TRANSIT\" title=\"Transit\">\r\n            <svg viewBox=\"0 0 24 24\"><path fill=\"currentColor\" d=\"M12 2c-4.42 0-8 .5-8 4v10c0 .74.19 1.42.5 2.02V20c0 .55.45 1 1 1h1c.55 0 1-.45 1-1v-1h8v1c0 .55.45 1 1 1h1c.55 0 1-.45 1-1v-1.98c.31-.6.5-1.28.5-2.02V6c0-3.5-3.58-4-8-4zM7.5 17c-.83 0-1.5-.67-1.5-1.5S6.67 14 7.5 14s1.5.67 1.5 1.5S8.33 17 7.5 17zm3.5-6H6V6h5v5zm5.5 6c-.83 0-1.5-.67-1.5-1.5s.67-1.5 1.5-1.5 1.5.67 1.5 1.5-.67 1.5-1.5 1.5zm2.5-6h-5V6h5v5z\"><\/path><\/svg>\r\n        <\/button>\r\n    <\/div>\r\n\r\n    <div class=\"wgm-dir-input-group\">\r\n        <div class=\"wgm-dir-field-wrap\">\r\n            <input type=\"text\" id=\"wgm_dir_from_1\" class=\"wgm-dir-input\" placeholder=\"Choose start point...\">\r\n            <button type=\"button\" class=\"wgm-current-loc-btn\" title=\"Use my location\">\r\n                <svg viewBox=\"0 0 24 24\" width=\"20\" height=\"20\"><path fill=\"currentColor\" d=\"M12 8c-2.21 0-4 1.79-4 4s1.79 4 4 4 4-1.79 4-4-1.79-4-4-4zm8.94 3c-.46-4.17-3.77-7.48-7.94-7.94V1h-2v2.06C6.83 3.52 3.52 6.83 3.06 11H1v2h2.06c.46 4.17 3.77 7.48 7.94 7.94V23h2v-2.06c4.17-.46 7.48-3.77 7.94-7.94H23v-2h-2.06zM12 19c-3.87 0-7-3.13-7-7s3.13-7 7-7 7 3.13 7 7-3.13 7-7 7z\"><\/path><\/svg>\r\n            <\/button>\r\n        <\/div>\r\n    <\/div>\r\n    \r\n    <div id=\"wgm_waypoints_container_1\" class=\"wgm-waypoints-container\"><\/div>\r\n\r\n    <div class=\"wgm-dir-input-group\">\r\n        <div class=\"wgm-dir-field-wrap\">\r\n            <input type=\"text\" id=\"wgm_dir_to_1\" class=\"wgm-dir-input\" placeholder=\"Choose destination...\">\r\n            <button type=\"button\" class=\"wgm-current-loc-btn\" title=\"Use my location\">\r\n                <svg viewBox=\"0 0 24 24\" width=\"20\" height=\"20\"><path fill=\"currentColor\" d=\"M12 8c-2.21 0-4 1.79-4 4s1.79 4 4 4 4-1.79 4-4-1.79-4-4-4zm8.94 3c-.46-4.17-3.77-7.48-7.94-7.94V1h-2v2.06C6.83 3.52 3.52 6.83 3.06 11H1v2h2.06c.46 4.17 3.77 7.48 7.94 7.94V23h2v-2.06c4.17-.46 7.48-3.77 7.94-7.94H23v-2h-2.06zM12 19c-3.87 0-7-3.13-7-7s3.13-7 7-7 7 3.13 7 7-3.13 7-7 7z\"><\/path><\/svg>\r\n            <\/button>\r\n        <\/div>\r\n    <\/div>\r\n\r\n    <div class=\"wgm-add-waypoint-trigger\" id=\"wgm_add_waypoint_1\">\r\n            <svg viewBox=\"0 0 24 24\" width=\"16\" height=\"16\"><path fill=\"currentColor\" d=\"M19 13h-6v6h-2v-6H5v-2h6V5h2v6h6v2z\"><\/path><\/svg>\r\n            <span>Add Waypoint<\/span>\r\n    <\/div>\r\n\r\n    <div class=\"wgm_dir_options_wrap\">\r\n        <div class=\"wgm-action-bar\">\r\n            <div class=\"wgm-dir-adv-toggle\">\r\n                <svg viewBox=\"0 0 24 24\" width=\"16\" height=\"16\"><path fill=\"currentColor\" d=\"M3 17v2h6v-2H3zM3 5v2h10V5H3zm10 16v-2h8v-2h-8v-2h-2v6h2zM7 9v2H3v2h4v2h2V9H7zm14 4v-2H11v2h10zm-6-4h2V7h4V5h-4V3h-2v6z\"><\/path><\/svg>\r\n                <span>Route Options<\/span>\r\n            <\/div>\r\n            <button type=\"button\" class=\"wgm-dir-go-btn\">\r\n                <span>Go<\/span>\r\n                <svg viewBox=\"0 0 24 24\" width=\"20\" height=\"20\"><path fill=\"currentColor\" d=\"M12 4l-1.41 1.41L16.17 11H4v2h12.17l-5.58 5.59L12 20l8-8z\"><\/path><\/svg>\r\n            <\/button>\r\n        <\/div>\r\n        \r\n        <div class=\"wgm-dir-adv-options\">\r\n            <label class=\"wgm-adv-opt-item\">\r\n                <input type=\"checkbox\" class=\"wgm-avoid-tolls\"> Avoid Tolls            <\/label>\r\n            <label class=\"wgm-adv-opt-item\">\r\n                <input type=\"checkbox\" class=\"wgm-avoid-highways\"> Avoid Highways            <\/label>\r\n            <label class=\"wgm-adv-opt-item\">\r\n                <input type=\"checkbox\" class=\"wgm-avoid-ferries\"> Avoid Ferries            <\/label>\r\n        <\/div>\r\n    <\/div>\r\n\r\n    <div id=\"wgm_dir_results_1\" class=\"wgm-dir-results-panel\"><\/div>\r\n    <\/div> <!-- End .wgm-drawer-content -->\r\n<\/div>\r\n            \r\n            <div id=\"srm_gmp_embed_1\" class=\"wgm-map-canvas\"\r\n                style=\"width: 100%; height:300px !important;\">\r\n            <\/div>\r\n\r\n                    <\/div>\r\n\r\n        <div id=\"wgm_listing_area_1\" class=\"wgm-listing-area\">\r\n                    <\/div>\r\n    <\/div>\r\n\r\n    <div id=\"wgm-lightbox-overlay_1\" class=\"wgm-lightbox-overlay\">\r\n        <span class=\"wgm-lightbox-close\">&times;<\/span>\r\n        <img class=\"wgm-lightbox-content\" id=\"wgm-lightbox-img_1\">\r\n    <\/div>\r\n\n<p>Und die zweite Gottesdienstst\u00e4tte liegt hoch erhoben \u00fcber der Rh\u00f6n, bietet einen unglaublichen Panoramablick, fast k\u00f6nnte man sagen sie schwebt \u00fcber dem Biebertal. Immer wieder ist es eine Freude, auf Schloss Bieberstein zu fahren und dort die Gemeinschaft mit Gott und den Gottesdienstbesuchern zu sp\u00fcren.<\/p>\n<p><strong>Johann-Sebastian-Bach-Kapelle<br \/>\n<\/strong>Schloss Bieberstein<br \/>\n36145 Bieberstein<\/p>\n<p><img decoding=\"async\" class=\"alignnone size-full wp-image-396\" src=\"https:\/\/ev-kirche-bieberstein-dipperz.de\/wp-content\/uploads\/2019\/01\/bieberstein.jpg\" alt=\"\" width=\"1600\" height=\"400\" \/><\/p>\n<div id=\"cck4995_art_introtext\" class=\"cck_contents cck_intro cck_wysiwyg_editor art_introtext \">\n<div id=\"cck4995_value_art_introtext\" class=\"cck_value cck_value_wysiwyg_editor\">\n<div id=\"sprengel_text_1\" class=\"cck_wysiwyg_editor\">\n<script type=\"text\/javascript\">window.wgm_config_2 = {\"hide_markers\":false,\"show_center_icon\":false,\"show_distance\":false,\"sort_by_distance\":false,\"distance_unit\":\"miles\",\"placement\":\"inside_map\",\"enable_show_on_map_icon\":false,\"enable_get_direction_icon\":false,\"enable_direction_link\":false,\"enable_modern_direction\":false,\"enable_category_filter\":false,\"category_selection_logic\":\"OR\"};<\/script>    \r\n        <div class=\"wgm-map-listing-container wgm-placement-below_map wgm-map-id-602\" \r\n         style=\"--wgm-map-height: 300px; --wgm-drawer-width: 300px; \">\r\n        \r\n        <div class=\"wgm-map-area\" style=\"width:100%; margin: 0 auto; max-width: 100%;\">\r\n            <!-- Advanced Search Control -->\r\n            <!-- Directions Drawer -->\r\n<div id=\"wgm_direction_drawer_2\" class=\"wgm-direction-drawer\">\r\n        \r\n    <div class=\"wgm-drawer-content\">\r\n    <button type=\"button\" class=\"wgm-drawer-close\" aria-label=\"Close directions\">\r\n        <svg viewBox=\"0 0 24 24\" width=\"24\" height=\"24\"><path fill=\"currentColor\" d=\"M19 6.41L17.59 5 12 10.59 6.41 5 5 6.41 10.59 12 5 17.59 6.41 19 12 13.41 17.59 19 19 17.59 13.41 12 19 6.41z\"><\/path><\/svg>\r\n    <\/button>\r\n    <div class=\"wgm-drawer-header\">\r\n        <h3 class=\"wgm-drawer-title\">Routen erhalten<\/h3>\r\n    <\/div>\r\n    \r\n    <div class=\"wgm-travel-mode-switcher\">\r\n        <button type=\"button\" class=\"wgm-travel-btn active\" data-mode=\"DRIVING\" title=\"Driving\">\r\n            <svg viewBox=\"0 0 24 24\"><path fill=\"currentColor\" d=\"M18.92 6.01C18.72 5.42 18.16 5 17.5 5h-11c-.66 0-1.21.42-1.42 1.01L3 12v8c0 .55.45 1 1 1h1c.55 0 1-.45 1-1v-1h12v1c0 .55.45 1 1 1h1c.55 0 1-.45 1-1v-8l-2.08-5.99zM6.5 16c-.83 0-1.5-.67-1.5-1.5S5.67 13 6.5 13s1.5.67 1.5 1.5S7.33 16 6.5 16zm11 0c-.83 0-1.5-.67-1.5-1.5s.67-1.5 1.5-1.5 1.5.67 1.5 1.5-.67 1.5-1.5 1.5zM5 11l1.5-4.5h11L19 11H5z\"><\/path><\/svg>\r\n        <\/button>\r\n        <button type=\"button\" class=\"wgm-travel-btn\" data-mode=\"WALKING\" title=\"Walking\">\r\n            <svg viewBox=\"0 0 24 24\"><path fill=\"currentColor\" d=\"M13.5 5.5c1.1 0 2-.9 2-2s-.9-2-2-2-2 .9-2 2 .9 2 2 2zM9.8 8.9L7 23h2.1l1.8-8 2.1 2v6h2v-7.5l-2.1-2 .6-3C14.8 12 16.8 13 19 13v-2c-1.9 0-3.5-1-4.3-2.4l-1-1.6c-.4-.6-1-1-1.7-1-.3 0-.5.1-.8.1L6 8.3V13h2V9.6l1.8-.7\"><\/path><\/svg>\r\n        <\/button>\r\n        <button type=\"button\" class=\"wgm-travel-btn\" data-mode=\"BICYCLING\" title=\"Cycling\">\r\n            <svg viewBox=\"0 0 24 24\"><path fill=\"currentColor\" d=\"M15.5 5.5c1.1 0 2-.9 2-2s-.9-2-2-2-2 .9-2 2 .9 2 2 2zM5 12c-2.8 0-5 2.2-5 5s2.2 5 5 5 5-2.2 5-5-2.2-5-5-5zm0 8.5c-1.9 0-3.5-1.6-3.5-3.5s1.6-3.5 3.5-3.5 3.5 1.6 3.5 3.5-1.6 3.5-3.5 3.5zm19-3.5c0-2.8-2.2-5-5-5s-5 2.2-5 5 2.2 5 5 5 5-2.2 5-5zm-5 3.5c-1.9 0-3.5-1.6-3.5-3.5s1.6-3.5 3.5-3.5 3.5 1.6 3.5 3.5-1.6 3.5-3.5 3.5zm-6.1-5.4l2.7-2.7-1.2-1.2-.2-.2C13.5 8.3 12.3 8 11 8V6h-2v2H7L3.5 11l1.4 1.4L7 10.3V15h2v-4.7l2.1 2.1c.3.3.7.6 1.1.6h2.8l-1.6-1.6h-2.1z\"><\/path><\/svg>\r\n        <\/button>\r\n        <button type=\"button\" class=\"wgm-travel-btn\" data-mode=\"TRANSIT\" title=\"Transit\">\r\n            <svg viewBox=\"0 0 24 24\"><path fill=\"currentColor\" d=\"M12 2c-4.42 0-8 .5-8 4v10c0 .74.19 1.42.5 2.02V20c0 .55.45 1 1 1h1c.55 0 1-.45 1-1v-1h8v1c0 .55.45 1 1 1h1c.55 0 1-.45 1-1v-1.98c.31-.6.5-1.28.5-2.02V6c0-3.5-3.58-4-8-4zM7.5 17c-.83 0-1.5-.67-1.5-1.5S6.67 14 7.5 14s1.5.67 1.5 1.5S8.33 17 7.5 17zm3.5-6H6V6h5v5zm5.5 6c-.83 0-1.5-.67-1.5-1.5s.67-1.5 1.5-1.5 1.5.67 1.5 1.5-.67 1.5-1.5 1.5zm2.5-6h-5V6h5v5z\"><\/path><\/svg>\r\n        <\/button>\r\n    <\/div>\r\n\r\n    <div class=\"wgm-dir-input-group\">\r\n        <div class=\"wgm-dir-field-wrap\">\r\n            <input type=\"text\" id=\"wgm_dir_from_2\" class=\"wgm-dir-input\" placeholder=\"Choose start point...\">\r\n            <button type=\"button\" class=\"wgm-current-loc-btn\" title=\"Use my location\">\r\n                <svg viewBox=\"0 0 24 24\" width=\"20\" height=\"20\"><path fill=\"currentColor\" d=\"M12 8c-2.21 0-4 1.79-4 4s1.79 4 4 4 4-1.79 4-4-1.79-4-4-4zm8.94 3c-.46-4.17-3.77-7.48-7.94-7.94V1h-2v2.06C6.83 3.52 3.52 6.83 3.06 11H1v2h2.06c.46 4.17 3.77 7.48 7.94 7.94V23h2v-2.06c4.17-.46 7.48-3.77 7.94-7.94H23v-2h-2.06zM12 19c-3.87 0-7-3.13-7-7s3.13-7 7-7 7 3.13 7 7-3.13 7-7 7z\"><\/path><\/svg>\r\n            <\/button>\r\n        <\/div>\r\n    <\/div>\r\n    \r\n    <div id=\"wgm_waypoints_container_2\" class=\"wgm-waypoints-container\"><\/div>\r\n\r\n    <div class=\"wgm-dir-input-group\">\r\n        <div class=\"wgm-dir-field-wrap\">\r\n            <input type=\"text\" id=\"wgm_dir_to_2\" class=\"wgm-dir-input\" placeholder=\"Choose destination...\">\r\n            <button type=\"button\" class=\"wgm-current-loc-btn\" title=\"Use my location\">\r\n                <svg viewBox=\"0 0 24 24\" width=\"20\" height=\"20\"><path fill=\"currentColor\" d=\"M12 8c-2.21 0-4 1.79-4 4s1.79 4 4 4 4-1.79 4-4-1.79-4-4-4zm8.94 3c-.46-4.17-3.77-7.48-7.94-7.94V1h-2v2.06C6.83 3.52 3.52 6.83 3.06 11H1v2h2.06c.46 4.17 3.77 7.48 7.94 7.94V23h2v-2.06c4.17-.46 7.48-3.77 7.94-7.94H23v-2h-2.06zM12 19c-3.87 0-7-3.13-7-7s3.13-7 7-7 7 3.13 7 7-3.13 7-7 7z\"><\/path><\/svg>\r\n            <\/button>\r\n        <\/div>\r\n    <\/div>\r\n\r\n    <div class=\"wgm-add-waypoint-trigger\" id=\"wgm_add_waypoint_2\">\r\n            <svg viewBox=\"0 0 24 24\" width=\"16\" height=\"16\"><path fill=\"currentColor\" d=\"M19 13h-6v6h-2v-6H5v-2h6V5h2v6h6v2z\"><\/path><\/svg>\r\n            <span>Add Waypoint<\/span>\r\n    <\/div>\r\n\r\n    <div class=\"wgm_dir_options_wrap\">\r\n        <div class=\"wgm-action-bar\">\r\n            <div class=\"wgm-dir-adv-toggle\">\r\n                <svg viewBox=\"0 0 24 24\" width=\"16\" height=\"16\"><path fill=\"currentColor\" d=\"M3 17v2h6v-2H3zM3 5v2h10V5H3zm10 16v-2h8v-2h-8v-2h-2v6h2zM7 9v2H3v2h4v2h2V9H7zm14 4v-2H11v2h10zm-6-4h2V7h4V5h-4V3h-2v6z\"><\/path><\/svg>\r\n                <span>Route Options<\/span>\r\n            <\/div>\r\n            <button type=\"button\" class=\"wgm-dir-go-btn\">\r\n                <span>Go<\/span>\r\n                <svg viewBox=\"0 0 24 24\" width=\"20\" height=\"20\"><path fill=\"currentColor\" d=\"M12 4l-1.41 1.41L16.17 11H4v2h12.17l-5.58 5.59L12 20l8-8z\"><\/path><\/svg>\r\n            <\/button>\r\n        <\/div>\r\n        \r\n        <div class=\"wgm-dir-adv-options\">\r\n            <label class=\"wgm-adv-opt-item\">\r\n                <input type=\"checkbox\" class=\"wgm-avoid-tolls\"> Avoid Tolls            <\/label>\r\n            <label class=\"wgm-adv-opt-item\">\r\n                <input type=\"checkbox\" class=\"wgm-avoid-highways\"> Avoid Highways            <\/label>\r\n            <label class=\"wgm-adv-opt-item\">\r\n                <input type=\"checkbox\" class=\"wgm-avoid-ferries\"> Avoid Ferries            <\/label>\r\n        <\/div>\r\n    <\/div>\r\n\r\n    <div id=\"wgm_dir_results_2\" class=\"wgm-dir-results-panel\"><\/div>\r\n    <\/div> <!-- End .wgm-drawer-content -->\r\n<\/div>\r\n            \r\n            <div id=\"srm_gmp_embed_2\" class=\"wgm-map-canvas\"\r\n                style=\"width: 100%; height:300px !important;\">\r\n            <\/div>\r\n\r\n                    <\/div>\r\n\r\n        <div id=\"wgm_listing_area_2\" class=\"wgm-listing-area\">\r\n                    <\/div>\r\n    <\/div>\r\n\r\n    <div id=\"wgm-lightbox-overlay_2\" class=\"wgm-lightbox-overlay\">\r\n        <span class=\"wgm-lightbox-close\">&times;<\/span>\r\n        <img class=\"wgm-lightbox-content\" id=\"wgm-lightbox-img_2\">\r\n    <\/div>\r\n\n<\/div>\n<\/div>\n<\/div>\n","protected":false},"excerpt":{"rendered":"<p>&#8222;Das ist die Gemeinde des lebendigen Gottes, ein Pfeiler und eine Grundfeste der Wahrheit.&#8220;\u00a0 (1. Tim 3, 15b) &nbsp; Unsere zwei Kirchen k\u00f6nnten nicht unterschiedlicher sein. Einmal in der Gemeinde Dipperz befindet sich die Evangelische Michaelskapelle Dipperz (Fuldaer Str. 43 36160 Dipperz). Ein Gotteshaus, das gerne auch f\u00fcr Konzerte und andere Veranstaltungen genutzt wird. Und die zweite Gottesdienstst\u00e4tte liegt hoch erhoben \u00fcber der Rh\u00f6n, bietet einen unglaublichen Panoramablick, fast k\u00f6nnte man sagen sie schwebt \u00fcber dem Biebertal. Immer wieder ist&#8230;<\/p>\n<p class=\"read-more\"><a class=\"btn btn-default\" href=\"https:\/\/ev-kirche-bieberstein-dipperz.de\/?page_id=44\">Weiterlesen<span class=\"screen-reader-text\"> Weiterlesen<\/span><\/a><\/p>\n","protected":false},"author":1,"featured_media":0,"parent":11549,"menu_order":0,"comment_status":"closed","ping_status":"closed","template":"","meta":{"_crdt_document":"","footnotes":""},"class_list":["post-44","page","type-page","status-publish","hentry"],"_links":{"self":[{"href":"https:\/\/ev-kirche-bieberstein-dipperz.de\/index.php?rest_route=\/wp\/v2\/pages\/44","targetHints":{"allow":["GET"]}}],"collection":[{"href":"https:\/\/ev-kirche-bieberstein-dipperz.de\/index.php?rest_route=\/wp\/v2\/pages"}],"about":[{"href":"https:\/\/ev-kirche-bieberstein-dipperz.de\/index.php?rest_route=\/wp\/v2\/types\/page"}],"author":[{"embeddable":true,"href":"https:\/\/ev-kirche-bieberstein-dipperz.de\/index.php?rest_route=\/wp\/v2\/users\/1"}],"replies":[{"embeddable":true,"href":"https:\/\/ev-kirche-bieberstein-dipperz.de\/index.php?rest_route=%2Fwp%2Fv2%2Fcomments&post=44"}],"version-history":[{"count":13,"href":"https:\/\/ev-kirche-bieberstein-dipperz.de\/index.php?rest_route=\/wp\/v2\/pages\/44\/revisions"}],"predecessor-version":[{"id":5483,"href":"https:\/\/ev-kirche-bieberstein-dipperz.de\/index.php?rest_route=\/wp\/v2\/pages\/44\/revisions\/5483"}],"up":[{"embeddable":true,"href":"https:\/\/ev-kirche-bieberstein-dipperz.de\/index.php?rest_route=\/wp\/v2\/pages\/11549"}],"wp:attachment":[{"href":"https:\/\/ev-kirche-bieberstein-dipperz.de\/index.php?rest_route=%2Fwp%2Fv2%2Fmedia&parent=44"}],"curies":[{"name":"wp","href":"https:\/\/api.w.org\/{rel}","templated":true}]}}