{"id":57,"date":"2018-11-30T19:57:27","date_gmt":"2018-11-30T18:57:27","guid":{"rendered":"http:\/\/kirche.m-net.de\/?page_id=57"},"modified":"2025-01-27T15:03:52","modified_gmt":"2025-01-27T14:03:52","slug":"chronik","status":"publish","type":"page","link":"https:\/\/ev-kirche-bieberstein-dipperz.de\/?page_id=57","title":{"rendered":"Chronik"},"content":{"rendered":"\r\n<p class=\"wp-block-paragraph\"><img decoding=\"async\" class=\"size-full wp-image-140 aligncenter\" src=\"https:\/\/kirche.maisch-net.de\/wp-content\/uploads\/2018\/12\/Kirche_image.gif\" alt=\"\" width=\"125\" height=\"128\" \/><\/p>\r\n\r\n\r\n\r\n<p class=\"wp-block-paragraph\">Zur Kirchengemeinde Bieberstein-Dipperz z\u00e4hlen insgesamt 1100 evangelischen Christen von den politischen Gemeinden Hofbieber und Dipperz sowie von f\u00fcnf Ortsteilen der Gemeinde K\u00fcnzell. Die Sonntagsgottesdienste finden in der Regel um 9.00 bzw. 10.30 Uhr im Wechsel in Bieberstein und Dipperz statt.<\/p>\r\n\r\n\r\n\r\n<p class=\"wp-block-paragraph\">Die geschichtlichen Daten der recht jungen Gemeinde lassen sich kurz wie folgt zusammenfassen:\u00a0 \u00a0 \u00a0\u00a0<\/p>\r\n\r\n\r\n\r\n\r\n\r\n\r\n\r\n\r\n\r\n\r\n\r\n\r\n\r\n\r\n\r\n\r\n\r\n\r\n\r\n\r\n\r\n\r\n\r\n\r\n\r\n\r\n\r\n<table style=\"border-collapse: collapse; width: 100%;\" border=\"1\">\r\n<tbody>\r\n<tr style=\"height: 56px;\">\r\n<td style=\"width: 4.96018%; text-align: center; height: 56px;\">1891<\/td>\r\n<td style=\"width: 95.0398%; height: 56px;\">\r\n<p class=\"wp-block-paragraph\">Evangelische Gottesdienste werden regelm\u00e4\u00dfig gefeiert, in der Schlosskapelle Bieberstein &#8211;\u00a0zu jener Zeit Privateigentum eines Fabrikanten<\/p>\r\n\r\n\r\n<\/td>\r\n<\/tr>\r\n<tr style=\"height: 24px;\">\r\n<td style=\"width: 4.96018%; text-align: center; height: 24px;\">1904<\/td>\r\n<td style=\"width: 95.0398%; height: 24px;\">Die Hermann-Lietz-Schule kauft das Schloss und gestattet weiterhin die\u00a0evangelischen Gottesdienste in\u00a0der Kapelle.<\/td>\r\n<\/tr>\r\n<tr style=\"height: 23px;\">\r\n<td style=\"width: 4.96018%; height: 23px; text-align: center;\">1910<\/td>\r\n<td style=\"width: 95.0398%; height: 23px;\">Die Kirchengemeinde Bieberstein wird errichtet und als Filialgemeinde von Fulda aus versehen.<\/td>\r\n<\/tr>\r\n<tr style=\"height: 24px;\">\r\n<td style=\"width: 4.96018%; height: 24px; text-align: center;\">1949<\/td>\r\n<td style=\"width: 95.0398%; height: 24px;\">Pfarrstelle Bieberstein wird errichtet.<\/td>\r\n<\/tr>\r\n<tr style=\"height: 24px;\">\r\n<td style=\"width: 4.96018%; height: 24px; text-align: center;\">1951<\/td>\r\n<td style=\"width: 95.0398%; height: 24px;\">Bieberstein wird selbst\u00e4ndige Gemeinde.<\/td>\r\n<\/tr>\r\n<tr style=\"height: 24px;\">\r\n<td style=\"width: 4.96018%; text-align: center; height: 24px;\">1952<\/td>\r\n<td style=\"width: 95.0398%; height: 24px;\">Nach ihrer grundlegenden Sanierung und Erweiterung erh\u00e4lt die Schlosskapelle Bieberstein den Namen &#8222;Johann-Sebastian-Bach- Kapelle&#8220;.<\/td>\r\n<\/tr>\r\n<tr style=\"height: 24px;\">\r\n<td style=\"width: 4.96018%; text-align: center; height: 24px;\">1954<\/td>\r\n<td style=\"width: 95.0398%; height: 24px;\">Zu Erntedank wird die neu gebaute Michaelskapelle in Dipperz eingeweiht.<\/td>\r\n<\/tr>\r\n<tr style=\"height: 24px;\">\r\n<td style=\"width: 4.96018%; text-align: center; height: 24px;\">1955<\/td>\r\n<td style=\"width: 95.0398%; height: 24px;\">Die selbst\u00e4ndige Kirchengemeinde Dipperz wird errichtet.<\/td>\r\n<\/tr>\r\n<tr style=\"height: 24px;\">\r\n<td style=\"width: 4.96018%; text-align: center; height: 24px;\">1956<\/td>\r\n<td style=\"width: 95.0398%; height: 24px;\">Bau des Pfarrhauses in Langenbieber.<\/td>\r\n<\/tr>\r\n<tr style=\"height: 24px;\">\r\n<td style=\"width: 4.96018%; text-align: center; height: 24px;\">1962<\/td>\r\n<td style=\"width: 95.0398%; height: 24px;\">Haushaltsm\u00e4\u00dfige Vereinigung der selbst\u00e4ndigen Kirchengemeinden Bieberstein und Dipperz.<\/td>\r\n<\/tr>\r\n<tr style=\"height: 24px;\">\r\n<td style=\"width: 4.96018%; text-align: center; height: 24px;\">1964<\/td>\r\n<td style=\"width: 95.0398%; height: 24px;\">Anschaffung des ersten Gemeindebusses (9-Sitzer).<\/td>\r\n<\/tr>\r\n<tr style=\"height: 24px;\">\r\n<td style=\"width: 4.96018%; text-align: center; height: 24px;\">2004<\/td>\r\n<td style=\"width: 95.0398%; height: 24px;\">Jubil\u00e4um: 50 Jahre Michaelskapelle Dipperz;\u00a0erste Goldene Konfirmation.<\/td>\r\n<\/tr>\r\n<tr style=\"height: 24px;\">\r\n<td style=\"width: 4.96018%; text-align: center; height: 24px;\">2005<\/td>\r\n<td style=\"width: 95.0398%; height: 24px;\">Verkauf des renovierungsbed\u00fcrftigen Pfarrhauses in Langenbieber, Kauf des Hauses mit drei Wohnungen Am S\u00e4mig 9 in Dipperz und Umwidmung zum Pfarrhaus.<\/td>\r\n<\/tr>\r\n<tr style=\"height: 24px;\">\r\n<td style=\"width: 4.96018%; text-align: center; height: 24px;\">2007<\/td>\r\n<td style=\"width: 95.0398%; height: 24px;\">Formalrechtliche Vereinigung der beiden Gemeinden zur Evangelischen Kirchengemeinde <strong>Bieberstein-Dipperz<\/strong><\/td>\r\n<\/tr>\r\n<\/tbody>\r\n<\/table>\r\n<h6 style=\"text-align: right;\">Stand August 2019<\/h6>\r\n","protected":false},"excerpt":{"rendered":"<p>Zur Kirchengemeinde Bieberstein-Dipperz z\u00e4hlen insgesamt 1100 evangelischen Christen von den politischen Gemeinden Hofbieber und Dipperz sowie von f\u00fcnf Ortsteilen der Gemeinde K\u00fcnzell. Die Sonntagsgottesdienste finden in der Regel um 9.00 bzw. 10.30 Uhr im Wechsel in Bieberstein und Dipperz statt. Die geschichtlichen Daten der recht jungen Gemeinde lassen sich kurz wie folgt zusammenfassen:\u00a0 \u00a0 \u00a0\u00a0 1891 Evangelische Gottesdienste werden regelm\u00e4\u00dfig gefeiert, in der Schlosskapelle Bieberstein &#8211;\u00a0zu jener Zeit Privateigentum eines Fabrikanten 1904 Die Hermann-Lietz-Schule kauft das Schloss und gestattet weiterhin&#8230;<\/p>\n<p class=\"read-more\"><a class=\"btn btn-default\" href=\"https:\/\/ev-kirche-bieberstein-dipperz.de\/?page_id=57\">Weiterlesen<span class=\"screen-reader-text\"> Weiterlesen<\/span><\/a><\/p>\n","protected":false},"author":1,"featured_media":0,"parent":11549,"menu_order":3,"comment_status":"closed","ping_status":"closed","template":"","meta":{"_crdt_document":"","footnotes":""},"class_list":["post-57","page","type-page","status-publish","hentry"],"_links":{"self":[{"href":"https:\/\/ev-kirche-bieberstein-dipperz.de\/index.php?rest_route=\/wp\/v2\/pages\/57","targetHints":{"allow":["GET"]}}],"collection":[{"href":"https:\/\/ev-kirche-bieberstein-dipperz.de\/index.php?rest_route=\/wp\/v2\/pages"}],"about":[{"href":"https:\/\/ev-kirche-bieberstein-dipperz.de\/index.php?rest_route=\/wp\/v2\/types\/page"}],"author":[{"embeddable":true,"href":"https:\/\/ev-kirche-bieberstein-dipperz.de\/index.php?rest_route=\/wp\/v2\/users\/1"}],"replies":[{"embeddable":true,"href":"https:\/\/ev-kirche-bieberstein-dipperz.de\/index.php?rest_route=%2Fwp%2Fv2%2Fcomments&post=57"}],"version-history":[{"count":12,"href":"https:\/\/ev-kirche-bieberstein-dipperz.de\/index.php?rest_route=\/wp\/v2\/pages\/57\/revisions"}],"predecessor-version":[{"id":687,"href":"https:\/\/ev-kirche-bieberstein-dipperz.de\/index.php?rest_route=\/wp\/v2\/pages\/57\/revisions\/687"}],"up":[{"embeddable":true,"href":"https:\/\/ev-kirche-bieberstein-dipperz.de\/index.php?rest_route=\/wp\/v2\/pages\/11549"}],"wp:attachment":[{"href":"https:\/\/ev-kirche-bieberstein-dipperz.de\/index.php?rest_route=%2Fwp%2Fv2%2Fmedia&parent=57"}],"curies":[{"name":"wp","href":"https:\/\/api.w.org\/{rel}","templated":true}]}}